{"id":116,"date":"2015-11-30T00:22:01","date_gmt":"2015-11-30T00:22:01","guid":{"rendered":"http:\/\/martinlanger.de\/?page_id=116&#038;lang=de"},"modified":"2025-06-30T16:31:13","modified_gmt":"2025-06-30T16:31:13","slug":"ueber-mich","status":"publish","type":"page","link":"https:\/\/martinlanger.de\/de\/ueber-mich\/","title":{"rendered":"\u00dcber mich"},"content":{"rendered":"<h2><span style=\"font-weight: 400;\">Stand Januar 2025:<\/span><\/h2>\n<h3><span style=\"font-weight: 400;\">Willkommen auf meiner Website.<\/span><\/h3>\n<p><span style=\"font-weight: 400;\">Mein Name ist Martin Langer und ich komme aus Unterfranken in Bayern. Ich habe 12 Jahre in Berlin gelebt und bin seit 2020 wieder zur\u00fcck in die Heimat gezogen. Daraufhin war ich zwei Winter \u00fcber f\u00fcr jeweils 5 Monate in S\u00fcdamerika reisen und habe mich neu erfunden durch die Erfahrungen, die ich dort gemacht habe.\u00a0<\/span><\/p>\n<p><span style=\"font-weight: 400;\">Heute bin ich zertifizierter Advanced Kambo-Practitioner (Ich gebe Kambo Zeremonien 3-4 pro Woche), Spaceholder, Tripsitter, Musiker, Singer-Songwriter, Gitarren- und Handpanspieler. Ich bin Botschafter von Pflanzenmedizin wie Roh-Cacao, Sananga, Magic Mushrooms, Ayahuasca, Bufo, Wachuma\/San Pedro und unser heimischer Fliegenpilz.<br \/>\n<\/span><span style=\"font-weight: 400;\"><br \/>\n<\/span><span style=\"font-weight: 400;\">Au\u00dferdem bin ich gro\u00dfer Bef\u00fcrworter von Bitcoin, Ethereum und Kryptow\u00e4hrungen, denn die Blockchain-Technologie wird sich in vielen Bereichen unseres Lebens durchsetzen. Bitcoin wird\u00a0 in der Zukunft das digitale Gold sein.<\/span><\/p>\n<p><span style=\"font-weight: 400;\">Weiterhin veranstalte ich regelm\u00e4\u00dfig Kakao Zeremonien mit Singing Circles\/Kirtans, wo wir Mantras, Heart Songs und Medicine Songs gemeinsam singen. Fr\u00fcher in Berlin hatte ich sehr viel Spa\u00df beim Deejaying. Heute lege ich immer noch ab und zu auf Ecstatic Dance Partys auf und habe gro\u00dfen Spa\u00df beim Gitarre spielen und Singen. Ich tr\u00e4ume davon ein Fu\u00dfballstation zu f\u00fcllen und wir singen alle zusammen powerfule Mantras wie <a title=\"Om Namah Shivaya Mantra\" href=\"https:\/\/li.sten.to\/omnamahshivaya\" target=\"_blank\" rel=\"noopener\">Om Namah Shivaya<\/a>, <a title=\"Shalama Bayta Friedens Mantra\" href=\"https:\/\/li.sten.to\/shalamabayta\" target=\"_blank\" rel=\"noopener\">Shalama Bayta<\/a> oder <a title=\"Yaga Yo Mantra\" href=\"https:\/\/li.sten.to\/yagayo\">Yaga Yo<\/a>. Wenn so viele Menschen zusammen bekommen w\u00fcrden, und wir alle Friedenslieder und Mantras singen w\u00fcrden, w\u00e4re der Krieg schnell vorbei. Die positive Kraft die von Mantras ausgeht, ist unschlagbar. Und jeder der mal bei einem gr\u00f6\u00dferen Gesangskreis \/ Kirtan dabei war, wei\u00df das. Diese positive Kraft, wenn viele Menschen zusammenkommen, und f\u00fcr eine gute Sache oder Intention singen und meditieren nennt man <\/span>Maharishi-Effekt. Die kollektive Bewusstseinswirkung durch Meditation und\/oder Singen.<\/p>\n<p><span style=\"font-weight: 400;\">Ich bin dankbar f\u00fcr mein tolles, gesundes Leben.<br \/>\nIch bin bereit ein Magnet zu sein, f\u00fcr Liebe, F\u00fclle, Frieden und Klarheit.<br \/>\nM\u00f6ge alle Menschen und Lebewesen frei und gl\u00fccklich sein,<\/span><\/p>\n<p><span style=\"font-weight: 400;\">Namaste<br \/>\n<\/span><span style=\"font-weight: 400;\">Martin<\/span><\/p>\n<p>&nbsp;<\/p>\n<p><span style=\"font-weight: 400;\">Aus Spa\u00df hab ich noch den Text von meinem alten Ich aus 2016 hier stehen gelassen.\u00a0 <\/span><span style=\"font-weight: 400;\">The only constant is change.<br \/>\n<\/span><\/p>\n<h3><\/h3>\n<h3><span style=\"font-weight: 400;\">Update von 2016:<\/span><\/h3>\n<p>Mein Name ist Martin Langer.\u00a0 Ich komme aus Unterfranken, dem n\u00f6rdlichen Teil von Bayern und lebe in Berlin seit August 2008.<br \/>\nIch bin ein friedvoller und harmonischer Mensch, der stets versucht positiv zu sein, auch wenn das nicht immer gelingt. Das bedeutet ich versuche mich von allem Negativen frei zu machen, mich nicht mit negativen Dingen und Personen abzugeben. Daher umgebe ich mich am liebsten mit positiven, liebevollen und erfolgreichen Menschen.<br \/>\nIch bin vieles, Sportler, Koch, Freelancer, Designer, Lebensgenie\u00dfer, Natur-Draussen-Chiller, Nach Wissen strebender, Sonnenanbeter, liebender Liebender,\u00a0 im Wasser und Schwimmer, Tech-Nerd, Bruder und erfolgreicher Businessman.<\/p>\n<p>Eine weitere gro\u00dfe Leidenschaft ist die Musik.<br \/>\nIn meiner Jugend spielte ich Gitarre, Bass und Keyboard in verschiedenen Bands. Damals gab es noch kein Facebook oder Instagram. Wir hatten noch nicht mal ein Handy. Das war super spa\u00dfig und eine geile Zeit.<\/p>\n<p>Back to today, ich bin Musiker, Produzent und DJ.<br \/>\nSeit 2003 digge ich nach Vinyl und spiele Platten. Unter dem K\u00fcnstlernamen <strong><a href=\"https:\/\/li.sten.to\/P4aae8g\" target=\"_blank\" rel=\"noopener noreferrer\">Craftsman<\/a><\/strong> ver\u00f6ffentliche ich manchmal ein paar sch\u00f6ne HipHop Beats.<\/p>\n<p>2015 hab ich mich dann dazu entschlossen unter dem deutschen Pseudonym <strong><a href=\"https:\/\/li.sten.to\/hcKPqMS\" target=\"_blank\" rel=\"noopener noreferrer\">AUSSTEIGER<\/a><\/strong> zu produzieren und aufzulegen. Das ist mein Electronic good vibes Projekt sozusagen.<\/p>\n<p>Im Januar 2016 habe ich zusammen mit meinem Homie Max, sp\u00e4ter kam noch mein Freund Georg hinzu, ein kleines, feines Vinyl Label namens <strong><a href=\"http:\/\/www.dubdisco.com\" target=\"_blank\" rel=\"noopener noreferrer\">Dub Disco<\/a><\/strong> gestartet.<\/p>\n<p><a href=\"https:\/\/dubdisco.bandcamp.com\/merch\" target=\"_blank\" rel=\"noopener noreferrer\">Ein nices Dub Disco T-Shirts oder Hoodie<\/a> gibt es und wir sind mittlerweile bei Platte #5 angelangt.<br \/>\nStand: Dezember 2018.<\/p>\n<p>Die <a href=\"https:\/\/soundcloud.com\/dubdiscoberlin\/dudi001-dubdisco-presents-aussteiger\" target=\"_blank\" rel=\"noopener noreferrer\">erste Platte auf feinem 180g Vinyl<\/a> ist im Juli 2016 erschienen.<\/p>\n<p>Nat\u00fcrlich reise ich auch sehr gerne und schau mir am liebsten verschiedene Kulturen an, die nicht dem westlichen Standard entsprechen. Ich komme gerade aus Kuba zur\u00fcck, dass ich 3 Wochen lange bereist habe. Ein wirklich tolles und einzigartiges Land.<\/p>\n<p>Ich verfolge kein bestimmtes Ziel mit diesem Blog, wenn ich Lust habe etwas zu schreiben oder mitzuteilen dann schreibe ich etwas.<\/p>\n<p>Das Ziel ist vorerst, meinen Gedanken freien Lauf zu lassen, Wissen und Ideen zu ver\u00f6ffentlichen.<\/p>\n<p>Auch hab ich herausgefunden, dass es mich gl\u00fccklich macht anderen Leuten zu helfen und Unterst\u00fctzung anzubieten. Helfen und Lehren f\u00fchlt sich gut an.<\/p>\n<p>Stay fresh &amp; focused<\/p>\n<p>Martin<\/p>\n<div id='gallery-1' class='gallery galleryid-116 gallery-columns-3 gallery-size-medium'><dl class='gallery-item'>\n\t\t\t<dt class='gallery-icon landscape'>\n\t\t\t\t<a href='https:\/\/martinlanger.de\/wp-content\/uploads\/2015\/11\/martin-on-a-horse.jpg'><img loading=\"lazy\" decoding=\"async\" width=\"300\" height=\"225\" src=\"https:\/\/martinlanger.de\/wp-content\/uploads\/2015\/11\/martin-on-a-horse-300x225.jpg\" class=\"attachment-medium size-medium\" alt=\"\" srcset=\"https:\/\/martinlanger.de\/wp-content\/uploads\/2015\/11\/martin-on-a-horse-300x225.jpg 300w, https:\/\/martinlanger.de\/wp-content\/uploads\/2015\/11\/martin-on-a-horse-600x450.jpg 600w, https:\/\/martinlanger.de\/wp-content\/uploads\/2015\/11\/martin-on-a-horse-1024x768.jpg 1024w, https:\/\/martinlanger.de\/wp-content\/uploads\/2015\/11\/martin-on-a-horse-100x75.jpg 100w, https:\/\/martinlanger.de\/wp-content\/uploads\/2015\/11\/martin-on-a-horse-862x647.jpg 862w, https:\/\/martinlanger.de\/wp-content\/uploads\/2015\/11\/martin-on-a-horse.jpg 1200w\" sizes=\"auto, (max-width: 300px) 100vw, 300px\" \/><\/a>\n\t\t\t<\/dt><\/dl><dl class='gallery-item'>\n\t\t\t<dt class='gallery-icon landscape'>\n\t\t\t\t<a href='https:\/\/martinlanger.de\/wp-content\/uploads\/2015\/11\/Martin-Lewis-aka-Aussteiger.jpg'><img loading=\"lazy\" decoding=\"async\" width=\"300\" height=\"280\" src=\"https:\/\/martinlanger.de\/wp-content\/uploads\/2015\/11\/Martin-Lewis-aka-Aussteiger-300x280.jpg\" class=\"attachment-medium size-medium\" alt=\"\" srcset=\"https:\/\/martinlanger.de\/wp-content\/uploads\/2015\/11\/Martin-Lewis-aka-Aussteiger-300x280.jpg 300w, https:\/\/martinlanger.de\/wp-content\/uploads\/2015\/11\/Martin-Lewis-aka-Aussteiger-600x560.jpg 600w, https:\/\/martinlanger.de\/wp-content\/uploads\/2015\/11\/Martin-Lewis-aka-Aussteiger-1024x956.jpg 1024w, https:\/\/martinlanger.de\/wp-content\/uploads\/2015\/11\/Martin-Lewis-aka-Aussteiger-100x93.jpg 100w, https:\/\/martinlanger.de\/wp-content\/uploads\/2015\/11\/Martin-Lewis-aka-Aussteiger-862x805.jpg 862w, https:\/\/martinlanger.de\/wp-content\/uploads\/2015\/11\/Martin-Lewis-aka-Aussteiger.jpg 1200w\" sizes=\"auto, (max-width: 300px) 100vw, 300px\" \/><\/a>\n\t\t\t<\/dt><\/dl><dl class='gallery-item'>\n\t\t\t<dt class='gallery-icon landscape'>\n\t\t\t\t<a href='https:\/\/martinlanger.de\/wp-content\/uploads\/2015\/11\/martin-in-a-50year-old-american-car1.jpg'><img loading=\"lazy\" decoding=\"async\" width=\"300\" height=\"169\" src=\"https:\/\/martinlanger.de\/wp-content\/uploads\/2015\/11\/martin-in-a-50year-old-american-car1-300x169.jpg\" class=\"attachment-medium size-medium\" alt=\"\" srcset=\"https:\/\/martinlanger.de\/wp-content\/uploads\/2015\/11\/martin-in-a-50year-old-american-car1-300x169.jpg 300w, https:\/\/martinlanger.de\/wp-content\/uploads\/2015\/11\/martin-in-a-50year-old-american-car1-600x338.jpg 600w, https:\/\/martinlanger.de\/wp-content\/uploads\/2015\/11\/martin-in-a-50year-old-american-car1-1024x576.jpg 1024w, https:\/\/martinlanger.de\/wp-content\/uploads\/2015\/11\/martin-in-a-50year-old-american-car1-100x56.jpg 100w, https:\/\/martinlanger.de\/wp-content\/uploads\/2015\/11\/martin-in-a-50year-old-american-car1-862x482.jpg 862w, https:\/\/martinlanger.de\/wp-content\/uploads\/2015\/11\/martin-in-a-50year-old-american-car1-1200x671.jpg 1200w, https:\/\/martinlanger.de\/wp-content\/uploads\/2015\/11\/martin-in-a-50year-old-american-car1.jpg 1600w\" sizes=\"auto, (max-width: 300px) 100vw, 300px\" \/><\/a>\n\t\t\t<\/dt><\/dl>\n\t\t<\/div>\n\n","protected":false},"excerpt":{"rendered":"<p>Stand Januar 2025: Willkommen auf meiner Website. Mein Name ist Martin Langer und ich komme aus Unterfranken in Bayern. Ich habe 12 Jahre in Berlin gelebt und bin seit 2020 wieder zur\u00fcck in die Heimat gezogen. Daraufhin war ich zwei Winter \u00fcber f\u00fcr jeweils 5 Monate in S\u00fcdamerika reisen und habe mich neu erfunden durch die Erfahrungen, die ich dort &#8230; <\/p>\n<div><a href=\"https:\/\/martinlanger.de\/de\/ueber-mich\/\" class=\"more-link\">Read More<\/a><\/div>\n","protected":false},"author":1,"featured_media":1544,"parent":0,"menu_order":0,"comment_status":"closed","ping_status":"closed","template":"","meta":{"_exactmetrics_skip_tracking":false,"_exactmetrics_sitenote_active":false,"_exactmetrics_sitenote_note":"","_exactmetrics_sitenote_category":0,"footnotes":""},"class_list":["post-116","page","type-page","status-publish","has-post-thumbnail","hentry"],"aioseo_notices":[],"_links":{"self":[{"href":"https:\/\/martinlanger.de\/de\/wp-json\/wp\/v2\/pages\/116","targetHints":{"allow":["GET"]}}],"collection":[{"href":"https:\/\/martinlanger.de\/de\/wp-json\/wp\/v2\/pages"}],"about":[{"href":"https:\/\/martinlanger.de\/de\/wp-json\/wp\/v2\/types\/page"}],"author":[{"embeddable":true,"href":"https:\/\/martinlanger.de\/de\/wp-json\/wp\/v2\/users\/1"}],"replies":[{"embeddable":true,"href":"https:\/\/martinlanger.de\/de\/wp-json\/wp\/v2\/comments?post=116"}],"version-history":[{"count":59,"href":"https:\/\/martinlanger.de\/de\/wp-json\/wp\/v2\/pages\/116\/revisions"}],"predecessor-version":[{"id":2111,"href":"https:\/\/martinlanger.de\/de\/wp-json\/wp\/v2\/pages\/116\/revisions\/2111"}],"wp:featuredmedia":[{"embeddable":true,"href":"https:\/\/martinlanger.de\/de\/wp-json\/wp\/v2\/media\/1544"}],"wp:attachment":[{"href":"https:\/\/martinlanger.de\/de\/wp-json\/wp\/v2\/media?parent=116"}],"curies":[{"name":"wp","href":"https:\/\/api.w.org\/{rel}","templated":true}]}}